{"id":662,"date":"2025-04-20T15:19:30","date_gmt":"2025-04-20T13:19:30","guid":{"rendered":"http:\/\/3.23.22.20\/?post_type=product&#038;p=662"},"modified":"2025-04-20T15:20:45","modified_gmt":"2025-04-20T13:20:45","slug":"mp7-2-0-de-hidrogel-subfusil-premium","status":"publish","type":"product","link":"https:\/\/lobos.uno\/?product=mp7-2-0-de-hidrogel-subfusil-premium","title":{"rendered":"MP7 2.0 DE HIDROGEL SUBFUSIL PREMIUM"},"content":{"rendered":"<p>Mejora tu juego con la MP7 2.0, la maravilla de la ingenier\u00eda dise\u00f1ada para la din\u00e1mica acelerada de la guerra. Esta arma de defensa personal electr\u00f3nica y liviana es tu clave para dominar el campo de batalla, capaz de liberar m\u00e1s de 300 balas por minuto para una experiencia de combate verdaderamente emocionante.<\/p>\n<p><strong>Libera la precisi\u00f3n del fuego r\u00e1pido<\/strong><\/p>\n<p>El MP7 destaca por su excepcional cadencia de disparo y agilidad, lo que lo convierte en una opci\u00f3n formidable para los entusiastas que buscan velocidad y precisi\u00f3n en su juego.<\/p>\n<p><strong>Caracter\u00edsticas clave:<\/strong><\/p>\n<ul>\n<li><strong>Disparo electr\u00f3nico r\u00e1pido:<\/strong> Capaz de disparar m\u00e1s de 300 balas de hidrogel por minuto, el MP7 2.0 garantiza que mantengas la presi\u00f3n sobre tus oponentes con una velocidad implacable.<\/li>\n<li><strong>Agilidad ligera:<\/strong>\u00a0el dise\u00f1o del lanzador prioriza la movilidad, lo que permite maniobras r\u00e1pidas y acci\u00f3n sostenida durante enfrentamientos intensos.<\/li>\n<li><strong>Kit completo:<\/strong> viene equipado con una configuraci\u00f3n de cargador dual (tambor y dispositivo), una bater\u00eda confiable de 11.1 V, un cable de carga USB y una elegante mira hologr\u00e1fica.<\/li>\n<li><strong>Rendimiento potente:<\/strong> con una velocidad de 320 FPS, el BF MP7 2.0 ofrece disparos precisos e impactantes, haciendo que cada disparo cuente.<\/li>\n<li><strong>Generoso suministro de munici\u00f3n:<\/strong>\u00a0el paquete incluye 10 000 bolas de gel, lo que garantiza que estar\u00e1s bien equipado para la batalla desde el principio.<\/li>\n<\/ul>\n<p><strong>Domina con velocidad y estilo<\/strong><\/p>\n<p>El MP7 2.0 es m\u00e1s que una herramienta; es una ventaja t\u00e1ctica que aporta velocidad, precisi\u00f3n y estilo a tu arsenal con un cuerpo de metal recubierto por nylon reforzado y caja de cambios met\u00e1lica la cual te brinda una precisi\u00f3n inigualable en cada disparo. Ya sea que est\u00e9 compitiendo en partidos de alto riesgo o disfrutando de un juego informal, el BF MP7 est\u00e1 dise\u00f1ado para elevar su rendimiento y mejorar su disfrute del deporte.<\/p>\n<p>Prep\u00e1rese para conquistar el campo de batalla con el MP7. Con su inigualable velocidad de disparo y su dise\u00f1o robusto, la victoria est\u00e1 a tu alcance. \u00bfEst\u00e1s listo para liderar la batalla?<\/p>\n<h3><strong>Funciones:<\/strong><\/h3>\n<ul>\n<li>Cargador de alta capacidad<\/li>\n<li>Alimentado por la revista<\/li>\n<li>Accesorios desmontables<\/li>\n<li>Interruptor de seguridad<\/li>\n<li><span>Culata retr\u00e1ctil y extensible<\/span><\/li>\n<\/ul>\n<h3><strong>Incluye:<\/strong><\/h3>\n<ul>\n<li>1 x MP7 2.0 de Metal+Nylon reforzado<\/li>\n<li>1 x Cacerina de Alta Capacidad<\/li>\n<li>1 bater\u00eda recargable de iones de litio de 11.1 V<\/li>\n<li>1 x Cable de carga USB<\/li>\n<li>1 x Empu\u00f1adura delantera<\/li>\n<li>1 x Linterna y l\u00e1ser<\/li>\n<li>1 x Correa para el hombro<\/li>\n<li>1 x Silenciador<\/li>\n<li>1 x Gafas de seguridad<\/li>\n<li><span>4 x Paquetes de inicio de bolas de gel (recomendado para comprar m\u00e1s)<\/span><\/li>\n<\/ul>\n<h3><strong>Caracter\u00edsticas t\u00e9cnicas:<\/strong><\/h3>\n<p><strong>Campo de tiro:\u00a0<\/strong>35 metros<\/p>\n<p><strong>Munici\u00f3n:<\/strong><\/p>\n<ul>\n<li>7 &#8211; 8 mm<\/li>\n<li>Completamente biodegradable.<\/li>\n<\/ul>\n","protected":false},"excerpt":{"rendered":"<p>Mejora tu juego con la MP7 2.0, la maravilla de la ingenier\u00eda dise\u00f1ada para la din\u00e1mica acelerada de la guerra. Esta arma de defensa personal electr\u00f3nica y liviana es tu clave para dominar el campo de batalla, capaz de liberar m\u00e1s de 300 balas por minuto para una experiencia de combate verdaderamente emocionante. Libera la [&hellip;]<\/p>\n","protected":false},"featured_media":773,"comment_status":"open","ping_status":"closed","template":"","meta":[],"product_brand":[],"product_cat":[31],"product_tag":[],"class_list":{"0":"post-662","1":"product","2":"type-product","3":"status-publish","4":"has-post-thumbnail","6":"product_cat-fusil","8":"first","9":"instock","10":"shipping-taxable","11":"purchasable","12":"product-type-simple"},"_links":{"self":[{"href":"https:\/\/lobos.uno\/index.php?rest_route=\/wp\/v2\/product\/662","targetHints":{"allow":["GET"]}}],"collection":[{"href":"https:\/\/lobos.uno\/index.php?rest_route=\/wp\/v2\/product"}],"about":[{"href":"https:\/\/lobos.uno\/index.php?rest_route=\/wp\/v2\/types\/product"}],"replies":[{"embeddable":true,"href":"https:\/\/lobos.uno\/index.php?rest_route=%2Fwp%2Fv2%2Fcomments&post=662"}],"wp:featuredmedia":[{"embeddable":true,"href":"https:\/\/lobos.uno\/index.php?rest_route=\/wp\/v2\/media\/773"}],"wp:attachment":[{"href":"https:\/\/lobos.uno\/index.php?rest_route=%2Fwp%2Fv2%2Fmedia&parent=662"}],"wp:term":[{"taxonomy":"product_brand","embeddable":true,"href":"https:\/\/lobos.uno\/index.php?rest_route=%2Fwp%2Fv2%2Fproduct_brand&post=662"},{"taxonomy":"product_cat","embeddable":true,"href":"https:\/\/lobos.uno\/index.php?rest_route=%2Fwp%2Fv2%2Fproduct_cat&post=662"},{"taxonomy":"product_tag","embeddable":true,"href":"https:\/\/lobos.uno\/index.php?rest_route=%2Fwp%2Fv2%2Fproduct_tag&post=662"}],"curies":[{"name":"wp","href":"https:\/\/api.w.org\/{rel}","templated":true}]}}