{"id":663,"date":"2025-04-20T15:19:30","date_gmt":"2025-04-20T13:19:30","guid":{"rendered":"http:\/\/3.23.22.20\/?post_type=product&#038;p=663"},"modified":"2025-04-20T15:20:51","modified_gmt":"2025-04-20T13:20:51","slug":"pdx-de-hidrogel-subfusil-premium","status":"publish","type":"product","link":"https:\/\/lobos.uno\/?product=pdx-de-hidrogel-subfusil-premium","title":{"rendered":"PDX DE HIDROGEL SUBFUSIL PREMIUM"},"content":{"rendered":"<p>El PDX es el \u00faltimo subfusil de Jingji. Tras el enorme \u00e9xito del SLR CQB y el SR16, Jingji dedic\u00f3 un a\u00f1o y medio a investigar y desarrollar el PDX el cual cubre todas las necesidades de un arma en toda la extension\u00a0 de la palabra.<\/p>\n<p>Experimente la emoci\u00f3n de la batalla PDX, una maravilla dise\u00f1ada con precisi\u00f3n para los entusiastas que buscan rendimiento y confiabilidad inigualables. Con su robusta construcci\u00f3n met\u00e1lica y caracter\u00edsticas avanzadas, el PDX est\u00e1 listo para liderar la carga y lograr la victoria en el campo de batalla.<\/p>\n<p><strong>Durabilidad y rendimiento inigualables<\/strong><\/p>\n<p>El PDX establece un nuevo est\u00e1ndar de durabilidad y rendimiento, combinando componentes met\u00e1licos de alta calidad con un dise\u00f1o innovador para garantizar que usted domine cada enfrentamiento. Su tama\u00f1o es ajustable de 54 a 63 cm para adaptarse a una variedad de usuarios, mientras que el peso neto de solo 1880 g garantiza maniobrabilidad sin sacrificar la sensaci\u00f3n de robustez de su construcci\u00f3n totalmente met\u00e1lica.<\/p>\n<p><strong>ESPECIFICACI\u00d3N:<\/strong><\/p>\n<ul>\n<li>Bater\u00eda: Enchufe XT30 con bater\u00eda de 11.1v incluida<br \/>\nLongitud: 540\/630 mm<br \/>\nPeso: 1880 g<br \/>\nFPS: 320<br \/>\nCaja de cambios de metal<\/li>\n<li>Engranajes y componentes met\u00e1licos<\/li>\n<li>Ca\u00f1\u00f3n interior de 7,45 mm fabricado en acero<br \/>\nJuegos de gatillos met\u00e1licos y componentes externos MDX<\/li>\n<li>Receptor de nailon de la m\u00e1s alta calidad MDX<\/li>\n<li>Guardamanos de nailon MDX de 6,45 pulgadas<\/li>\n<li>Tope de mano met\u00e1lico MDX<\/li>\n<li>Culata MDX PDW<br \/>\nEmpu\u00f1adura BCM mod<\/li>\n<\/ul>\n<h3><strong>Notas:<\/strong><\/h3>\n<ul>\n<li>Este producto est\u00e1 recomendado para personas mayores de 14 a\u00f1os.<\/li>\n<li>Cargue la bater\u00eda durante al menos 4 horas antes de usarla.<\/li>\n<li>Remoja las balas de hidrogel durante 4 horas o m\u00e1s para maximizar la hidrataci\u00f3n.<\/li>\n<li>Despu\u00e9s de su uso, retire la bater\u00eda para ahorrar energ\u00eda y evitar fugas.<\/li>\n<li>Por favor, no modifique el producto, ya que no cubrimos las alteraciones del conjunto predeterminado.<\/li>\n<\/ul>\n<h3><strong>Consejos:<\/strong><\/h3>\n<ol>\n<li>Hay que tener en cuenta que las balas de hidrogel se remojan durante m\u00e1s de 3 horas. Para difundir las balas, sum\u00e9rjalas por completo; Al cargar el cargador, trate de mantener las balas lo m\u00e1s secas posible. El cargador contiene un motor, y el remojo prolongado puede hacer que se oxide.<\/li>\n<li>La alimentaci\u00f3n virtual est\u00e1 incluida con todas las bater\u00edas recargables, deben cargarse antes de su uso. El tiempo de carga inicial es de 4 horas y los tiempos de carga posteriores son de 2 a 3 horas. Para garantizar la seguridad, no cargue durante un per\u00edodo prolongado de tiempo sin monitoreo.<\/li>\n<li>Si siente que la energ\u00eda de la bater\u00eda es insuficiente mientras lo usa, deje de usarlo inmediatamente y reempl\u00e1celo con una bater\u00eda completamente cargada para prolongar la vida \u00fatil de la bater\u00eda.<\/li>\n<li>Si el juguete no se ha utilizado durante mucho tiempo, la bater\u00eda debe retirarse y cargarse por completo.<\/li>\n<\/ol>\n<h3><strong>Advertencia:<\/strong><\/h3>\n<ul>\n<li><em>Use gafas de seguridad cuando use este producto.<\/em><\/li>\n<li><em>No dispare a personas o animales.<\/em><\/li>\n<\/ul>\n","protected":false},"excerpt":{"rendered":"<p>El PDX es el \u00faltimo subfusil de Jingji. Tras el enorme \u00e9xito del SLR CQB y el SR16, Jingji dedic\u00f3 un a\u00f1o y medio a investigar y desarrollar el PDX el cual cubre todas las necesidades de un arma en toda la extension\u00a0 de la palabra. Experimente la emoci\u00f3n de la batalla PDX, una maravilla [&hellip;]<\/p>\n","protected":false},"featured_media":778,"comment_status":"open","ping_status":"closed","template":"","meta":[],"product_brand":[],"product_cat":[31],"product_tag":[],"class_list":{"0":"post-663","1":"product","2":"type-product","3":"status-publish","4":"has-post-thumbnail","6":"product_cat-fusil","8":"first","9":"instock","10":"shipping-taxable","11":"purchasable","12":"product-type-simple"},"_links":{"self":[{"href":"https:\/\/lobos.uno\/index.php?rest_route=\/wp\/v2\/product\/663","targetHints":{"allow":["GET"]}}],"collection":[{"href":"https:\/\/lobos.uno\/index.php?rest_route=\/wp\/v2\/product"}],"about":[{"href":"https:\/\/lobos.uno\/index.php?rest_route=\/wp\/v2\/types\/product"}],"replies":[{"embeddable":true,"href":"https:\/\/lobos.uno\/index.php?rest_route=%2Fwp%2Fv2%2Fcomments&post=663"}],"wp:featuredmedia":[{"embeddable":true,"href":"https:\/\/lobos.uno\/index.php?rest_route=\/wp\/v2\/media\/778"}],"wp:attachment":[{"href":"https:\/\/lobos.uno\/index.php?rest_route=%2Fwp%2Fv2%2Fmedia&parent=663"}],"wp:term":[{"taxonomy":"product_brand","embeddable":true,"href":"https:\/\/lobos.uno\/index.php?rest_route=%2Fwp%2Fv2%2Fproduct_brand&post=663"},{"taxonomy":"product_cat","embeddable":true,"href":"https:\/\/lobos.uno\/index.php?rest_route=%2Fwp%2Fv2%2Fproduct_cat&post=663"},{"taxonomy":"product_tag","embeddable":true,"href":"https:\/\/lobos.uno\/index.php?rest_route=%2Fwp%2Fv2%2Fproduct_tag&post=663"}],"curies":[{"name":"wp","href":"https:\/\/api.w.org\/{rel}","templated":true}]}}