{"id":705,"date":"2025-04-20T15:19:53","date_gmt":"2025-04-20T13:19:53","guid":{"rendered":"http:\/\/3.23.22.20\/?post_type=product&#038;p=705"},"modified":"2025-06-02T01:32:59","modified_gmt":"2025-06-01T23:32:59","slug":"glock-g17-de-airsoft-sportline-hg184","status":"publish","type":"product","link":"https:\/\/lobos.uno\/?product=glock-g17-de-airsoft-sportline-hg184","title":{"rendered":"GLOCK G17 DE AIRSOFT SPORTLINE HG184"},"content":{"rendered":"<p>Pistola de aire comprimido Glock G17 de airsoft de estilo personalizado, r\u00e9plica de gas, pistola de perdigones de 6 mm.<\/p>\n<p>R\u00e9plica a escala 1:1 en tama\u00f1o real<\/p>\n<p>Retroceso completo a gas, con disparo semiautom\u00e1tico (GBB).<\/p>\n<p>Colores negro y bicolor.<\/p>\n<p>Diapositiva de resina duradera y cuerpo principal inferior.<\/p>\n<p>Revista de metal y partes internas.<\/p>\n<p>Sensaci\u00f3n realista de peso pesado.<\/p>\n<p>Cuchilla delantera fija y mira de punto blanco trasera abierta.<\/p>\n<p>Velocidad: 300 fps (datos del fabricante).<\/p>\n<p>Capacidad del cargador: 24 balas.<\/p>\n<p>Riel (bajo el ca\u00f1\u00f3n).<\/p>\n<p>Seguridad en el trabajo.<\/p>\n<p>Bot\u00f3n pulsador de liberaci\u00f3n del cargador.<\/p>\n<p>Se suministra con estuche para guardar armas.<\/p>\n<p>Peso: 594 g (vac\u00edo)<\/p>\n<p>Requiere Green Gas o similar para funcionar.<\/p>\n<p>Instrucciones completas en ingl\u00e9s<\/p>\n<p>Fabricado en Taiw\u00e1n por HFC Airsoft.<\/p>\n<p>Referencia HFC: HG 184SL (l\u00ednea deportiva).<\/p>\n<p><strong>Tenga en cuenta que este producto NO se vende como juguete.<\/strong><\/p>\n<p><strong>Informaci\u00f3n del producto<\/strong><\/p>\n<p>La HFC HG184SL es una r\u00e9plica de tama\u00f1o completo de la Glock G17 personalizada, con retroceso total a gas y pistola de aire comprimido de 6 mm, fabricada por <strong>HFC Airsoft en Taiw\u00e1n<\/strong>. La pistola tiene un cuerpo principal de resina ABS duradera y una corredera superior personalizada con piezas internas de metal.<\/p>\n<p>La pistola HG184 Sportline G17 tiene un acabado en negro y dos tonos, con el cuerpo principal y las piezas adicionales de la pistola en negro y la corredera superior en dos tonos.<\/p>\n<p>La HFC HG184SL tiene un dise\u00f1o ergon\u00f3mico adecuado tanto para tiradores diestros como zurdos.<\/p>\n<p>La HG-184SL es una pistola de retroceso a gas con acci\u00f3n de disparo semiautom\u00e1tico y acci\u00f3n de retroceso, que junto con la construcci\u00f3n de resina de peso pesado y los componentes internos de metal le brindar\u00e1n al usuario una pistola de aire comprimido a gas de sensaci\u00f3n muy realista.<\/p>\n<p>El modelo tiene una hoja frontal y una mira trasera de punto blanco abierta, una empu\u00f1adura texturizada, un cargador de gas con capacidad para 24 rondas, un riel de 20 mm debajo del ca\u00f1\u00f3n para complementos t\u00e1cticos, adem\u00e1s, la pistola se suministra en un estuche de almacenamiento con cerradura.<\/p>\n<p>El arma requiere CO2 o gas verde para funcionar (disponible en nuestro sitio). Recomendamos utilizar \u00fanicamente balines airsoft de 20 g pulidos de alta calidad con esta pistola de gas.<\/p>\n<p><strong>Informaci\u00f3n sobre pistolas de aire comprimido<\/strong><\/p>\n<p><strong>Tenga en cuenta que este producto no se vende como pistola de juguete y que debe ser mayor de 18 a\u00f1os para comprar una pistola de aire comprimido. <\/strong><\/p>\n<p><strong>Al comprar una pistola de aire comprimido con nosotros, confirma que es mayor de 18 a\u00f1os y que acepta nuestros t\u00e9rminos y condiciones. Consulte nuestra gu\u00eda de pistolas de aire comprimido para obtener m\u00e1s informaci\u00f3n<\/strong>.<\/p>\n<p>&nbsp;<\/p>\n<p>&nbsp;<\/p>\n","protected":false},"excerpt":{"rendered":"<p>Pistola de aire comprimido Glock G17 de airsoft de estilo personalizado, r\u00e9plica de gas, pistola de perdigones de 6 mm. R\u00e9plica a escala 1:1 en tama\u00f1o real Retroceso completo a gas, con disparo semiautom\u00e1tico (GBB). Colores negro y bicolor. Diapositiva de resina duradera y cuerpo principal inferior. Revista de metal y partes internas. Sensaci\u00f3n realista [&hellip;]<\/p>\n","protected":false},"featured_media":784,"comment_status":"open","ping_status":"closed","template":"","meta":[],"product_brand":[],"product_cat":[42],"product_tag":[60,43,39],"class_list":{"0":"post-705","1":"product","2":"type-product","3":"status-publish","4":"has-post-thumbnail","6":"product_cat-pistolas-airsoft","7":"product_tag-aire-comprimido","8":"product_tag-airsoft","9":"product_tag-glock","11":"first","12":"instock","13":"shipping-taxable","14":"purchasable","15":"product-type-simple"},"_links":{"self":[{"href":"https:\/\/lobos.uno\/index.php?rest_route=\/wp\/v2\/product\/705","targetHints":{"allow":["GET"]}}],"collection":[{"href":"https:\/\/lobos.uno\/index.php?rest_route=\/wp\/v2\/product"}],"about":[{"href":"https:\/\/lobos.uno\/index.php?rest_route=\/wp\/v2\/types\/product"}],"replies":[{"embeddable":true,"href":"https:\/\/lobos.uno\/index.php?rest_route=%2Fwp%2Fv2%2Fcomments&post=705"}],"wp:featuredmedia":[{"embeddable":true,"href":"https:\/\/lobos.uno\/index.php?rest_route=\/wp\/v2\/media\/784"}],"wp:attachment":[{"href":"https:\/\/lobos.uno\/index.php?rest_route=%2Fwp%2Fv2%2Fmedia&parent=705"}],"wp:term":[{"taxonomy":"product_brand","embeddable":true,"href":"https:\/\/lobos.uno\/index.php?rest_route=%2Fwp%2Fv2%2Fproduct_brand&post=705"},{"taxonomy":"product_cat","embeddable":true,"href":"https:\/\/lobos.uno\/index.php?rest_route=%2Fwp%2Fv2%2Fproduct_cat&post=705"},{"taxonomy":"product_tag","embeddable":true,"href":"https:\/\/lobos.uno\/index.php?rest_route=%2Fwp%2Fv2%2Fproduct_tag&post=705"}],"curies":[{"name":"wp","href":"https:\/\/api.w.org\/{rel}","templated":true}]}}