{"id":706,"date":"2025-04-20T15:19:53","date_gmt":"2025-04-20T13:19:53","guid":{"rendered":"http:\/\/3.23.22.20\/?post_type=product&#038;p=706"},"modified":"2025-05-17T11:24:02","modified_gmt":"2025-05-17T09:24:02","slug":"balines-de-aire-comprimido-biodegradables","status":"publish","type":"product","link":"https:\/\/lobos.uno\/?product=balines-de-aire-comprimido-biodegradables","title":{"rendered":"BALINES DE AIRE COMPRIMIDO BIODEGRADABLES"},"content":{"rendered":"<p>Munici\u00f3n de grado profesional Bulldog, balines de airsoft pulidos de 6 mm.<\/p>\n<p>Biodegradable y respetuoso con el medio ambiente.<\/p>\n<p>Ideal para batallas o pr\u00e1cticas de tiro.<\/p>\n<p>Color blanco natural:<\/p>\n<p>Peso: 0.20g.<\/p>\n<p>Superficie lisa y pulida.<\/p>\n<p>Adecuado para todas las pistolas de aire comprimido de calibre 6 mm.<\/p>\n<p>Contenido 2000 bbs suministrados en un recipiente de volumen transparente.<\/p>\n<p><strong>Informaci\u00f3n del producto<\/strong><\/p>\n<p>Los balines Bulldog BB de 0,20 g x 6 mm biodegradables de grado deportivo profesional de la marca Bulldog han sido dise\u00f1ados para optimizar el rendimiento de todas las pistolas de aire comprimido de airsoft, incluidas las pistolas de aire comprimido de CO2 y gas, manuales y el\u00e9ctricas con Hop Up, escopetas, rifles de francotirador de resorte, la mayor\u00eda de las pistolas de aire comprimido de nivel de buena calidad y rifles el\u00e9ctricos de alta gama (AEG) y tanques de aire comprimido RC. Estos balines biodegradables son respetuosos con el medio ambiente y se descompondr\u00e1n en meses, una vez que est\u00e9n al aire libre.<\/p>\n<p>Los balines Bulldog BB de airsoft est\u00e1n calibrados y tienen una superficie pulida suave, sin crestas ni imperfecciones, lo que hace que este producto sea el mejor que puede comprar para su pistola o tanque de aire comprimido de 6 mm.<\/p>\n<p>Contenido aproximado: 2000 balines suministrados en volumen transparente con tapa resellable.<\/p>\n<p><strong>Tenga en cuenta que este producto NO es un juguete y no se recomienda para ni\u00f1os.<\/strong><\/p>\n<p>&nbsp;<\/p>\n<p>&nbsp;<\/p>\n","protected":false},"excerpt":{"rendered":"<p>Munici\u00f3n de grado profesional Bulldog, balines de airsoft pulidos de 6 mm. Biodegradable y respetuoso con el medio ambiente. Ideal para batallas o pr\u00e1cticas de tiro. Color blanco natural: Peso: 0.20g. Superficie lisa y pulida. Adecuado para todas las pistolas de aire comprimido de calibre 6 mm. Contenido 2000 bbs suministrados en un recipiente de [&hellip;]<\/p>\n","protected":false},"featured_media":790,"comment_status":"open","ping_status":"closed","template":"","meta":[],"product_brand":[],"product_cat":[61],"product_tag":[],"class_list":{"0":"post-706","1":"product","2":"type-product","3":"status-publish","4":"has-post-thumbnail","6":"product_cat-municiones","8":"first","9":"instock","10":"sale","11":"shipping-taxable","12":"purchasable","13":"product-type-simple"},"_links":{"self":[{"href":"https:\/\/lobos.uno\/index.php?rest_route=\/wp\/v2\/product\/706","targetHints":{"allow":["GET"]}}],"collection":[{"href":"https:\/\/lobos.uno\/index.php?rest_route=\/wp\/v2\/product"}],"about":[{"href":"https:\/\/lobos.uno\/index.php?rest_route=\/wp\/v2\/types\/product"}],"replies":[{"embeddable":true,"href":"https:\/\/lobos.uno\/index.php?rest_route=%2Fwp%2Fv2%2Fcomments&post=706"}],"wp:featuredmedia":[{"embeddable":true,"href":"https:\/\/lobos.uno\/index.php?rest_route=\/wp\/v2\/media\/790"}],"wp:attachment":[{"href":"https:\/\/lobos.uno\/index.php?rest_route=%2Fwp%2Fv2%2Fmedia&parent=706"}],"wp:term":[{"taxonomy":"product_brand","embeddable":true,"href":"https:\/\/lobos.uno\/index.php?rest_route=%2Fwp%2Fv2%2Fproduct_brand&post=706"},{"taxonomy":"product_cat","embeddable":true,"href":"https:\/\/lobos.uno\/index.php?rest_route=%2Fwp%2Fv2%2Fproduct_cat&post=706"},{"taxonomy":"product_tag","embeddable":true,"href":"https:\/\/lobos.uno\/index.php?rest_route=%2Fwp%2Fv2%2Fproduct_tag&post=706"}],"curies":[{"name":"wp","href":"https:\/\/api.w.org\/{rel}","templated":true}]}}