{"id":708,"date":"2025-04-20T15:19:53","date_gmt":"2025-04-20T13:19:53","guid":{"rendered":"http:\/\/3.23.22.20\/?post_type=product&#038;p=708"},"modified":"2025-05-17T11:24:01","modified_gmt":"2025-05-17T09:24:01","slug":"scar-black-de-hidrogel-premium","status":"publish","type":"product","link":"https:\/\/lobos.uno\/?product=scar-black-de-hidrogel-premium","title":{"rendered":"SCAR BLACK DE HIDROGEL PREMIUM"},"content":{"rendered":"<p>Con el SCAR PREMIUM BLACK DE HIDROGEL, tendr\u00e1s en tus manos el modelo m\u00e1s realista para que disfrutes de la adrenalina al aire libre.<\/p>\n<p>Disfruta lanzando bolitas de hidrogel de forma autom\u00e1tica y manual desde 25 metros de distancia, te sentir\u00e1s como si el juego fuese real.<\/p>\n<p>El modelo SCAR Black de hidrogel est\u00e1 dise\u00f1ado de manera realista para que los jugadores aficionados la disfruten al m\u00e1ximo.<\/p>\n<p>La\u00a0SCAR Black de hidrogel cuenta con todos los accesorios para los m\u00e1s exigentes que quieran sentirse como unos expertos manejando una Scar black de hidrogel.<\/p>\n<p>\u00bfVas a perder la oportunidad de tener en tus manos en esta navidad la\u00a0SCAR Black de\u00a0 hidrogel,\u00a0para que simules tu juego favorito o revivir los recuerdos de la infancia?<\/p>\n<p>QUE INCLUYE CON LA COMPRA DE LA SCAR BLACK DE HIDROGEL:<\/p>\n<p>&#8211; Mira telesc\u00f3pica<\/p>\n<p>&#8211; Mira hologr\u00e1fica con luz (verde)<\/p>\n<p>&#8211; Culata<\/p>\n<p>&#8211; Cargador USB<\/p>\n<p>&#8211; Bater\u00eda de litio recargable 7.4V 1200 mAh<\/p>\n<p>&#8211; Estabilizador frontal<\/p>\n<p>&#8211; Lentes de seguridad<\/p>\n<p>&#8211; Porta balines de hidrogel<\/p>\n<p>&#8211; Correa de sujeci\u00f3n<\/p>\n<p>REGALO (UNIDADES LIMITADAS)<\/p>\n<p>&#8211; Silenciador con luz RGB (Recargable)<\/p>\n<p>&#8211; l\u00e1ser<\/p>\n<p>&#8211; 20mil bolitas de hidrogel<\/p>\n<p>\ud83d\udca5\u00a1Obt\u00e9n tu Scar Premium de hidrogel a un super precio y con env\u00edo Gr\u00e1tis a todo el Per\u00fa!\ud83d\udca5<\/p>\n<p>Quieres verla en Accion? Click Aqui<\/p>\n<p>&nbsp;<\/p>\n<p>&nbsp;<\/p>\n<p>&nbsp;<\/p>\n<p>&nbsp;<\/p>\n","protected":false},"excerpt":{"rendered":"<p>Con el SCAR PREMIUM BLACK DE HIDROGEL, tendr\u00e1s en tus manos el modelo m\u00e1s realista para que disfrutes de la adrenalina al aire libre. Disfruta lanzando bolitas de hidrogel de forma autom\u00e1tica y manual desde 25 metros de distancia, te sentir\u00e1s como si el juego fuese real. El modelo SCAR Black de hidrogel est\u00e1 dise\u00f1ado [&hellip;]<\/p>\n","protected":false},"featured_media":798,"comment_status":"open","ping_status":"closed","template":"","meta":[],"product_brand":[],"product_cat":[31],"product_tag":[40,49,62],"class_list":{"0":"post-708","1":"product","2":"type-product","3":"status-publish","4":"has-post-thumbnail","6":"product_cat-fusil","7":"product_tag-hidrogel","8":"product_tag-premium","9":"product_tag-scar","11":"first","12":"instock","13":"featured","14":"shipping-taxable","15":"purchasable","16":"product-type-simple"},"_links":{"self":[{"href":"https:\/\/lobos.uno\/index.php?rest_route=\/wp\/v2\/product\/708","targetHints":{"allow":["GET"]}}],"collection":[{"href":"https:\/\/lobos.uno\/index.php?rest_route=\/wp\/v2\/product"}],"about":[{"href":"https:\/\/lobos.uno\/index.php?rest_route=\/wp\/v2\/types\/product"}],"replies":[{"embeddable":true,"href":"https:\/\/lobos.uno\/index.php?rest_route=%2Fwp%2Fv2%2Fcomments&post=708"}],"wp:featuredmedia":[{"embeddable":true,"href":"https:\/\/lobos.uno\/index.php?rest_route=\/wp\/v2\/media\/798"}],"wp:attachment":[{"href":"https:\/\/lobos.uno\/index.php?rest_route=%2Fwp%2Fv2%2Fmedia&parent=708"}],"wp:term":[{"taxonomy":"product_brand","embeddable":true,"href":"https:\/\/lobos.uno\/index.php?rest_route=%2Fwp%2Fv2%2Fproduct_brand&post=708"},{"taxonomy":"product_cat","embeddable":true,"href":"https:\/\/lobos.uno\/index.php?rest_route=%2Fwp%2Fv2%2Fproduct_cat&post=708"},{"taxonomy":"product_tag","embeddable":true,"href":"https:\/\/lobos.uno\/index.php?rest_route=%2Fwp%2Fv2%2Fproduct_tag&post=708"}],"curies":[{"name":"wp","href":"https:\/\/api.w.org\/{rel}","templated":true}]}}