{"id":710,"date":"2025-04-20T15:19:53","date_gmt":"2025-04-20T13:19:53","guid":{"rendered":"http:\/\/3.23.22.20\/?post_type=product&#038;p=710"},"modified":"2025-11-09T22:41:50","modified_gmt":"2025-11-09T21:41:50","slug":"glock17-modelo-c15a-de-metal-con-silenciador","status":"publish","type":"product","link":"https:\/\/lobos.uno\/?product=glock17-modelo-c15a-de-metal-con-silenciador","title":{"rendered":"GLOCK17 MODELO C15A+ DE METAL CON SILENCIADOR"},"content":{"rendered":"<p>La pistola de airsoft modelo C15A es una r\u00e9plica de tama\u00f1o completo de la pistola GLOCK 17, que se ha convertido en una de las armas m\u00e1s populares del mundo.<\/p>\n<p>La pistola tiene una estructura completamente met\u00e1lica, solo el gatillo y el almac\u00e9n est\u00e1n hechos de polimero ultra resistente y duradero.<\/p>\n<p>El peso y el tama\u00f1o dan la impresi\u00f3n de que mantienes el arma correcta en tus manos.<\/p>\n<p>Tiene un sistema muy fuerte de resortes de metal, hay 12 balas de 6 mm BB municiones en el almac\u00e9n.<\/p>\n<p>La pistola est\u00e1 equipada con un sistema Hop-Up que mejora la precisi\u00f3n y la potencia de la bala.<\/p>\n<p>Adem\u00e1s, tiene un recubrimiento de zinc anticorrosi\u00f3n.<\/p>\n<p>Se aplica una textura antideslizante al mango, lo que evita que la pistola se deslice en las manos.<\/p>\n<p>Caracter\u00edsticas del producto:<\/p>\n<p>Completamente de metal<\/p>\n<p>Bolas recomendadas: 6mm 0.12g \/0.2g BB<\/p>\n<p>Baja velocidad: unos 250 fps<\/p>\n<p>Alcance: unos 45-50 metros<\/p>\n<p>Dimensiones de la pistola: 20 x 13,5 cm<\/p>\n<p>Di\u00e1metro: 1:1<\/p>\n<p>Peso: 720 g<\/p>\n","protected":false},"excerpt":{"rendered":"<p>La pistola de airsoft modelo C15A es una r\u00e9plica de tama\u00f1o completo de la pistola GLOCK 17, que se ha convertido en una de las armas m\u00e1s populares del mundo. La pistola tiene una estructura completamente met\u00e1lica, solo el gatillo y el almac\u00e9n est\u00e1n hechos de polimero ultra resistente y duradero. El peso y el [&hellip;]<\/p>\n","protected":false},"featured_media":803,"comment_status":"open","ping_status":"closed","template":"","meta":[],"product_brand":[],"product_cat":[42],"product_tag":[43,39],"class_list":{"0":"post-710","1":"product","2":"type-product","3":"status-publish","4":"has-post-thumbnail","6":"product_cat-pistolas-airsoft","7":"product_tag-airsoft","8":"product_tag-glock","10":"first","11":"instock","12":"shipping-taxable","13":"purchasable","14":"product-type-simple"},"_links":{"self":[{"href":"https:\/\/lobos.uno\/index.php?rest_route=\/wp\/v2\/product\/710","targetHints":{"allow":["GET"]}}],"collection":[{"href":"https:\/\/lobos.uno\/index.php?rest_route=\/wp\/v2\/product"}],"about":[{"href":"https:\/\/lobos.uno\/index.php?rest_route=\/wp\/v2\/types\/product"}],"replies":[{"embeddable":true,"href":"https:\/\/lobos.uno\/index.php?rest_route=%2Fwp%2Fv2%2Fcomments&post=710"}],"wp:featuredmedia":[{"embeddable":true,"href":"https:\/\/lobos.uno\/index.php?rest_route=\/wp\/v2\/media\/803"}],"wp:attachment":[{"href":"https:\/\/lobos.uno\/index.php?rest_route=%2Fwp%2Fv2%2Fmedia&parent=710"}],"wp:term":[{"taxonomy":"product_brand","embeddable":true,"href":"https:\/\/lobos.uno\/index.php?rest_route=%2Fwp%2Fv2%2Fproduct_brand&post=710"},{"taxonomy":"product_cat","embeddable":true,"href":"https:\/\/lobos.uno\/index.php?rest_route=%2Fwp%2Fv2%2Fproduct_cat&post=710"},{"taxonomy":"product_tag","embeddable":true,"href":"https:\/\/lobos.uno\/index.php?rest_route=%2Fwp%2Fv2%2Fproduct_tag&post=710"}],"curies":[{"name":"wp","href":"https:\/\/api.w.org\/{rel}","templated":true}]}}