{"id":733,"date":"2025-04-20T15:20:16","date_gmt":"2025-04-20T13:20:16","guid":{"rendered":"http:\/\/3.23.22.20\/?post_type=product&#038;p=733"},"modified":"2025-07-09T20:48:38","modified_gmt":"2025-07-09T18:48:38","slug":"botas-tacticas-militares-delta","status":"publish","type":"product","link":"https:\/\/lobos.uno\/?product=botas-tacticas-militares-delta","title":{"rendered":"BOTAS T\u00c1CTICAS MILITARES DELTA"},"content":{"rendered":"<p>Las Botas Tacticas Militares Delta son botas de calidad para hombre que son elegantes y duraderas.<\/p>\n<p>Agilidad y durabilidad eso es lo que Botas T\u00e1cticas Delta Las botas militares Light Duty Brown entregan.<\/p>\n<p>El atleta t\u00e1ctico necesita comodidad y velocidad, as\u00ed como durabilidad.<\/p>\n<p>Su dise\u00f1o proporciona el rendimiento del calzado deportivo con forro de malla de nylon e inserto de coj\u00edn para la comodidad durante todo el d\u00eda.<\/p>\n<p>Las Botas Tacticas Militares Delta son ligeros, duraderos y adecuados para todo tipo de aventuras.<\/p>\n<p>Un producto de calidad real &#8230; con usted durante todo el a\u00f1o.<\/p>\n<p>Tiene una puntera redonda y una suela antideslizante para que est\u00e9 seguro de su seguridad.<\/p>\n<p>Este zapato se puede utilizar incluso en \u00e1reas rocosas.<\/p>\n<p>Para m\u00e1xima velocidad, protecci\u00f3n y comodidad en entrenamiento y combate, las Botas Tacticas Militares Delta\u00a0proporciona el ajuste perfecto.<\/p>\n<p>Se puede utilizar en diversas ocasiones, temporada de lluvias, lucha contra incendios, zonas rocosas entre otras.<\/p>\n","protected":false},"excerpt":{"rendered":"<p>Las Botas Tacticas Militares Delta son botas de calidad para hombre que son elegantes y duraderas. Agilidad y durabilidad eso es lo que Botas T\u00e1cticas Delta Las botas militares Light Duty Brown entregan. El atleta t\u00e1ctico necesita comodidad y velocidad, as\u00ed como durabilidad. Su dise\u00f1o proporciona el rendimiento del calzado deportivo con forro de malla [&hellip;]<\/p>\n","protected":false},"featured_media":807,"comment_status":"open","ping_status":"closed","template":"","meta":[],"product_brand":[76],"product_cat":[59],"product_tag":[74,57,75],"class_list":{"0":"post-733","1":"product","2":"type-product","3":"status-publish","4":"has-post-thumbnail","6":"product_brand-delta","7":"product_cat-calzado","8":"product_tag-botas","9":"product_tag-militar","10":"product_tag-tactica","12":"first","13":"instock","14":"featured","15":"shipping-taxable","16":"purchasable","17":"product-type-variable"},"_links":{"self":[{"href":"https:\/\/lobos.uno\/index.php?rest_route=\/wp\/v2\/product\/733","targetHints":{"allow":["GET"]}}],"collection":[{"href":"https:\/\/lobos.uno\/index.php?rest_route=\/wp\/v2\/product"}],"about":[{"href":"https:\/\/lobos.uno\/index.php?rest_route=\/wp\/v2\/types\/product"}],"replies":[{"embeddable":true,"href":"https:\/\/lobos.uno\/index.php?rest_route=%2Fwp%2Fv2%2Fcomments&post=733"}],"wp:featuredmedia":[{"embeddable":true,"href":"https:\/\/lobos.uno\/index.php?rest_route=\/wp\/v2\/media\/807"}],"wp:attachment":[{"href":"https:\/\/lobos.uno\/index.php?rest_route=%2Fwp%2Fv2%2Fmedia&parent=733"}],"wp:term":[{"taxonomy":"product_brand","embeddable":true,"href":"https:\/\/lobos.uno\/index.php?rest_route=%2Fwp%2Fv2%2Fproduct_brand&post=733"},{"taxonomy":"product_cat","embeddable":true,"href":"https:\/\/lobos.uno\/index.php?rest_route=%2Fwp%2Fv2%2Fproduct_cat&post=733"},{"taxonomy":"product_tag","embeddable":true,"href":"https:\/\/lobos.uno\/index.php?rest_route=%2Fwp%2Fv2%2Fproduct_tag&post=733"}],"curies":[{"name":"wp","href":"https:\/\/api.w.org\/{rel}","templated":true}]}}