{"id":767,"date":"2025-04-20T15:20:39","date_gmt":"2025-04-20T13:20:39","guid":{"rendered":"http:\/\/3.23.22.20\/?post_type=product&#038;p=767"},"modified":"2025-07-09T20:50:05","modified_gmt":"2025-07-09T18:50:05","slug":"hk-416a-de-hidrogel-de-metal","status":"publish","type":"product","link":"https:\/\/lobos.uno\/?product=hk-416a-de-hidrogel-de-metal","title":{"rendered":"HK 416A DE HIDROGEL DE METAL"},"content":{"rendered":"<p>Este es el fusil de hidrogel de metal completo Golden Eagle.<\/p>\n<p>El \u00faltimo y en nuestra opini\u00f3n el mayor HK 416A de hidrogel en el mercado debido a sus incre\u00edbles caracter\u00edsticas y construcci\u00f3n.<\/p>\n<p>Con una caja de cambios de V2 con radio de metal negro completo y un exterior de metal completo, este fusil de hidrogel tiene un peso s\u00f3lido y un incre\u00edble poder de disparo de 330+ pies por segundo que triunfa sobre la mayor\u00eda de los fusiles de hidrogel.<\/p>\n<p>Con acabados perfectos y marcando este HK 416A de hidrogel toma el trofeo como la mayor atenci\u00f3n al detalle en la construcci\u00f3n que hemos visto en la industria del hidrogel.<\/p>\n<p>Este HK 416A de hidrogel no solo es un fusil de hidrogel altamente detallado externamente y un fusil de hidrogel de alto rendimiento internamente, tiene un salto incorporado que puede adjuntar que act\u00faa como una ruptura de fuego para darle el mejor aspecto y rendimiento sin gastar dinero extra para las partes adicionales.<\/p>\n<p><strong>Caracter\u00edsticas del HK 416A de<\/strong> <strong>hidrogel<\/strong>:<\/p>\n<ul>\n<li>Etiquetado Hand-guard<\/li>\n<li>Caja de cambios Metal V2 (Radiused)<\/li>\n<li>Tap\u00f3n de Aluminio de Borde Apretado<\/li>\n<li>Extensi\u00f3n de Barril Exterior de Metal<\/li>\n<li>Metal In-built Hop Up System (Razor-X)<\/li>\n<li>Motor de Alto Torque 480<\/li>\n<li>Vista de Hierro de Metal Extra\u00edble 20mm Solid HK416A Style Butt Stock (Rubberizado)<\/li>\n<li>Revista Metal<\/li>\n<li>Trigger Metal<\/li>\n<li>Metal Mag Lanzamiento<\/li>\n<\/ul>\n<p><strong>En La Caja de la HK 416A de hidrogel:<\/strong><\/p>\n<ul>\n<li>1 x HK 416A de hidrogel<\/li>\n<li>1 x Cacerina de metal<\/li>\n<li>1 x Linterna de Aluminio<\/li>\n<li>1 x 11.1v Li-on Bater\u00eda Recargable<\/li>\n<li>1 x Cable de carga USB<\/li>\n<li>Poder de Fuego de la HK 416A de hidrogel:<\/li>\n<li>Velocidad: 337+ Pies Por Segundo (FPS)<\/li>\n<\/ul>\n<p>&nbsp;<\/p>\n<p>&nbsp;<\/p>\n","protected":false},"excerpt":{"rendered":"<blockquote><p>&nbsp;<\/p><\/blockquote>\n","protected":false},"featured_media":816,"comment_status":"open","ping_status":"closed","template":"","meta":[],"product_brand":[],"product_cat":[31],"product_tag":[40,49],"class_list":{"0":"post-767","1":"product","2":"type-product","3":"status-publish","4":"has-post-thumbnail","6":"product_cat-fusil","7":"product_tag-hidrogel","8":"product_tag-premium","10":"first","11":"instock","12":"shipping-taxable","13":"purchasable","14":"product-type-simple"},"_links":{"self":[{"href":"https:\/\/lobos.uno\/index.php?rest_route=\/wp\/v2\/product\/767","targetHints":{"allow":["GET"]}}],"collection":[{"href":"https:\/\/lobos.uno\/index.php?rest_route=\/wp\/v2\/product"}],"about":[{"href":"https:\/\/lobos.uno\/index.php?rest_route=\/wp\/v2\/types\/product"}],"replies":[{"embeddable":true,"href":"https:\/\/lobos.uno\/index.php?rest_route=%2Fwp%2Fv2%2Fcomments&post=767"}],"wp:featuredmedia":[{"embeddable":true,"href":"https:\/\/lobos.uno\/index.php?rest_route=\/wp\/v2\/media\/816"}],"wp:attachment":[{"href":"https:\/\/lobos.uno\/index.php?rest_route=%2Fwp%2Fv2%2Fmedia&parent=767"}],"wp:term":[{"taxonomy":"product_brand","embeddable":true,"href":"https:\/\/lobos.uno\/index.php?rest_route=%2Fwp%2Fv2%2Fproduct_brand&post=767"},{"taxonomy":"product_cat","embeddable":true,"href":"https:\/\/lobos.uno\/index.php?rest_route=%2Fwp%2Fv2%2Fproduct_cat&post=767"},{"taxonomy":"product_tag","embeddable":true,"href":"https:\/\/lobos.uno\/index.php?rest_route=%2Fwp%2Fv2%2Fproduct_tag&post=767"}],"curies":[{"name":"wp","href":"https:\/\/api.w.org\/{rel}","templated":true}]}}