{"id":919,"date":"2025-05-03T14:39:41","date_gmt":"2025-05-03T12:39:41","guid":{"rendered":"https:\/\/lobos.uno\/?post_type=product&#038;p=919"},"modified":"2025-07-09T20:51:57","modified_gmt":"2025-07-09T18:51:57","slug":"pistola-traumatica-umarex-scorpion","status":"publish","type":"product","link":"https:\/\/lobos.uno\/?product=pistola-traumatica-umarex-scorpion","title":{"rendered":"PISTOLA TRAUM\u00c1TICA UMAREX SCORPION"},"content":{"rendered":"<p>LANCER SCORPION CAL50<\/p>\n<ul>\n<li>Pistola traum\u00e1tica a CO2<\/li>\n<li>Marca LANCER<\/li>\n<li>Linea Defense non letal<\/li>\n<li>Modelo SCORPION<\/li>\n<li>Tracci\u00f3n CO2 de 12 gramos<\/li>\n<li>Calibre .50 (12,7mm)<\/li>\n<li>Tipo munici\u00f3n Bal\u00edn de goma de .50<\/li>\n<li>Tiros 7 en el cargador<\/li>\n<li>Cada CO2 rinde para 14 tiros<\/li>\n<li>Potencia 7,5 joules<\/li>\n<li>Distancia efectiva 12 metros<\/li>\n<li>Cuerpo de polimero<\/li>\n<li>Cacha texturizada para mejorar el agarre<\/li>\n<li>Largo 192 mm (alto 155mm, ancho 38mm)<\/li>\n<li>Peso 600 gramos<\/li>\n<li>Color negro<\/li>\n<li>Activacion del CO2 recien al usarse \u2013 con leve golpe el el fondo de la culata<\/li>\n<\/ul>\n<p>(+20 debe presentar DNI actualizado para la compra)<\/p>\n","protected":false},"excerpt":{"rendered":"<p>LANCER SCORPION CAL50 Pistola traum\u00e1tica a CO2 Marca LANCER Linea Defense non letal Modelo SCORPION Tracci\u00f3n CO2 de 12 gramos Calibre .50 (12,7mm) Tipo munici\u00f3n Bal\u00edn de goma de .50 Tiros 7 en el cargador Cada CO2 rinde para 14 tiros Potencia 7,5 joules Distancia efectiva 12 metros Cuerpo de polimero Cacha texturizada para mejorar [&hellip;]<\/p>\n","protected":false},"featured_media":913,"comment_status":"open","ping_status":"closed","template":"","meta":[],"product_brand":[79],"product_cat":[78],"product_tag":[81,80],"class_list":{"0":"post-919","1":"product","2":"type-product","3":"status-publish","4":"has-post-thumbnail","6":"product_brand-umarex","7":"product_cat-traumaticas","8":"product_tag-traumaticas","9":"product_tag-umarex","11":"first","12":"instock","13":"sale","14":"shipping-taxable","15":"purchasable","16":"product-type-simple"},"_links":{"self":[{"href":"https:\/\/lobos.uno\/index.php?rest_route=\/wp\/v2\/product\/919","targetHints":{"allow":["GET"]}}],"collection":[{"href":"https:\/\/lobos.uno\/index.php?rest_route=\/wp\/v2\/product"}],"about":[{"href":"https:\/\/lobos.uno\/index.php?rest_route=\/wp\/v2\/types\/product"}],"replies":[{"embeddable":true,"href":"https:\/\/lobos.uno\/index.php?rest_route=%2Fwp%2Fv2%2Fcomments&post=919"}],"wp:featuredmedia":[{"embeddable":true,"href":"https:\/\/lobos.uno\/index.php?rest_route=\/wp\/v2\/media\/913"}],"wp:attachment":[{"href":"https:\/\/lobos.uno\/index.php?rest_route=%2Fwp%2Fv2%2Fmedia&parent=919"}],"wp:term":[{"taxonomy":"product_brand","embeddable":true,"href":"https:\/\/lobos.uno\/index.php?rest_route=%2Fwp%2Fv2%2Fproduct_brand&post=919"},{"taxonomy":"product_cat","embeddable":true,"href":"https:\/\/lobos.uno\/index.php?rest_route=%2Fwp%2Fv2%2Fproduct_cat&post=919"},{"taxonomy":"product_tag","embeddable":true,"href":"https:\/\/lobos.uno\/index.php?rest_route=%2Fwp%2Fv2%2Fproduct_tag&post=919"}],"curies":[{"name":"wp","href":"https:\/\/api.w.org\/{rel}","templated":true}]}}