{"id":920,"date":"2025-05-03T14:47:21","date_gmt":"2025-05-03T12:47:21","guid":{"rendered":"https:\/\/lobos.uno\/?post_type=product&#038;p=920"},"modified":"2025-11-09T22:41:50","modified_gmt":"2025-11-09T21:41:50","slug":"pistola-balin-co2-kwc-taurus-pt24-7","status":"publish","type":"product","link":"https:\/\/lobos.uno\/?product=pistola-balin-co2-kwc-taurus-pt24-7","title":{"rendered":"PISTOLA BALIN CO2 KWC TAURUS PT24\/7"},"content":{"rendered":"<p>Pistola de CO2 replica de la Taurus PT 24\/7. Full Metal.<\/p>\n<p>Dispara balines met\u00e1licos calibre 4,5 mm.<\/p>\n<p>Mecanismo semiautom\u00e1tico alimentado por una c\u00e1psula de CO2 de 12 g est\u00e1ndar.<\/p>\n<p>Marco full metal, construcci\u00f3n completa en metal con acabado en negro.<\/p>\n<p>Los paneles de empu\u00f1adura son de pl\u00e1stico.<\/p>\n<p>Cargador met\u00e1lico con rec\u00e1mara para la c\u00e1psula de CO2.<\/p>\n<p>Miras met\u00e1licas fijas en el ca\u00f1\u00f3n y carro.<\/p>\n<p>Seguro manual contra disparo. Incluye una bolsa con balines, manual de usuario en ingl\u00e9s y una llave Allen para colocar la c\u00e1psula de CO2.<\/p>\n<ul>\n<li>Producto fabricado en Taiw\u00e1n.<\/li>\n<li>Modelo: 24-7<\/li>\n<li>Marca: KWC<\/li>\n<li>Calibre: 4.5<\/li>\n<li>Mecanismo: C02 repetici\u00f3n (carro fijo)<\/li>\n<li>Velocidad de salida: 118 mts\/seg<\/li>\n<li>Capacidad de tiro: 19 balines<\/li>\n<li>Peso: 710 grs<\/li>\n<li>Largo total: 19.5 cms<\/li>\n<\/ul>\n","protected":false},"excerpt":{"rendered":"<p>Pistola de CO2 replica de la Taurus PT 24\/7. Full Metal. Dispara balines met\u00e1licos calibre 4,5 mm. Mecanismo semiautom\u00e1tico alimentado por una c\u00e1psula de CO2 de 12 g est\u00e1ndar. Marco full metal, construcci\u00f3n completa en metal con acabado en negro. Los paneles de empu\u00f1adura son de pl\u00e1stico. Cargador met\u00e1lico con rec\u00e1mara para la c\u00e1psula de [&hellip;]<\/p>\n","protected":false},"featured_media":921,"comment_status":"open","ping_status":"closed","template":"","meta":[],"product_brand":[82],"product_cat":[78],"product_tag":[83,81],"class_list":{"0":"post-920","1":"product","2":"type-product","3":"status-publish","4":"has-post-thumbnail","6":"product_brand-kwc","7":"product_cat-traumaticas","8":"product_tag-taurus","9":"product_tag-traumaticas","11":"first","12":"instock","13":"sale","14":"shipping-taxable","15":"purchasable","16":"product-type-simple"},"_links":{"self":[{"href":"https:\/\/lobos.uno\/index.php?rest_route=\/wp\/v2\/product\/920","targetHints":{"allow":["GET"]}}],"collection":[{"href":"https:\/\/lobos.uno\/index.php?rest_route=\/wp\/v2\/product"}],"about":[{"href":"https:\/\/lobos.uno\/index.php?rest_route=\/wp\/v2\/types\/product"}],"replies":[{"embeddable":true,"href":"https:\/\/lobos.uno\/index.php?rest_route=%2Fwp%2Fv2%2Fcomments&post=920"}],"wp:featuredmedia":[{"embeddable":true,"href":"https:\/\/lobos.uno\/index.php?rest_route=\/wp\/v2\/media\/921"}],"wp:attachment":[{"href":"https:\/\/lobos.uno\/index.php?rest_route=%2Fwp%2Fv2%2Fmedia&parent=920"}],"wp:term":[{"taxonomy":"product_brand","embeddable":true,"href":"https:\/\/lobos.uno\/index.php?rest_route=%2Fwp%2Fv2%2Fproduct_brand&post=920"},{"taxonomy":"product_cat","embeddable":true,"href":"https:\/\/lobos.uno\/index.php?rest_route=%2Fwp%2Fv2%2Fproduct_cat&post=920"},{"taxonomy":"product_tag","embeddable":true,"href":"https:\/\/lobos.uno\/index.php?rest_route=%2Fwp%2Fv2%2Fproduct_tag&post=920"}],"curies":[{"name":"wp","href":"https:\/\/api.w.org\/{rel}","templated":true}]}}