{"id":941,"date":"2025-05-29T10:30:04","date_gmt":"2025-05-29T08:30:04","guid":{"rendered":"https:\/\/lobos.uno\/?post_type=product&#038;p=941"},"modified":"2025-11-09T22:41:50","modified_gmt":"2025-11-09T21:41:50","slug":"revolver-traumatico-umarex-t4e-hdr-cal-50","status":"publish","type":"product","link":"https:\/\/lobos.uno\/?product=revolver-traumatico-umarex-t4e-hdr-cal-50","title":{"rendered":"REVOLVER TRAUM\u00c1TICO UMAREX T4E HDR CAL .50"},"content":{"rendered":"<p>El T4E HDR 50 es un potente rev\u00f3lver de calibre 50 dise\u00f1ado para la defensa personal, anti-motin, anti-disturbios, traum\u00e1tico (NO LETAL).<\/p>\n<p>Accionado mediante c\u00e1psulas de CO2, este rev\u00f3lver tiene la capacidad de realizar hasta 6 disparos.<\/p>\n<p>El T4E HDR 50 mantiene un dise\u00f1o completamente realista ideal para entrenamiento de miembros de seguridad. Adem\u00e1s, su tama\u00f1o y cuerpo met\u00e1lico, la har\u00e1 pasar completamente por un arma real, asustando a cualquier agresor.<\/p>\n<p>CARACTERISTICAS PRINCIPALES:<\/p>\n<p>Este revolver admite balas de goma, balas de gas pimienta calibre .50 y balas de pintura.<\/p>\n<p>La energ\u00eda es proporcionada mediante cartuchos de CO2 ubicados en el mango.<\/p>\n<p>El rev\u00f3lver T4E HDR 50 viene preparado con rieles Picatinny para acoplarle una linterna y un punto l\u00e1ser.<\/p>\n<p>La textura adherente de la culata aseguran un agarre seguro incluso en situaciones complicadas, aumentando la seguridad en el agarre, evitando disparos accidentales.<\/p>\n<p>Detalles del REVOLVER TRAUM\u00c1TICO UMAREX T4E HDR CAL .50:<\/p>\n<ul>\n<li>Modelo: 2.4758<\/li>\n<li>Capacidad: 6 balas de goma<\/li>\n<li>Largo: 225 mm<\/li>\n<li>Peso: 675 gr<\/li>\n<li>Potencia: 11 Joules<\/li>\n<li>Velocidad: 225 mts\/seg<\/li>\n<\/ul>\n<p>\u00a1NO SE REQUIEREN REQUISITOS PARA SU COMPRA, ES UNA HERRAMIENTA DE DEFENSA NO LETAL, ACTIVADA POR Co2, PARA USARLA EN EL HOGAR, OFICINA, TALLER DE TRABAJO, LUGAR DE VERANEO!!<\/p>\n<p>Este Kit incluye:<\/p>\n<ul>\n<li>Revolver HDR .50 Umarex<\/li>\n<li>50 Balines de goma .50<\/li>\n<li>10 C\u00e1psulas de CO2<\/li>\n<\/ul>\n<p>Esta arma viene resguardada en empaque de cart\u00f3n.<\/p>\n<p>\u00a1ADVERTENCIA! NUNCA guarde el arma con la c\u00e1psula de CO2 ACTIVADA.<\/p>\n","protected":false},"excerpt":{"rendered":"<p>El T4E HDR 50 es un potente rev\u00f3lver de calibre 50 dise\u00f1ado para la defensa personal, anti-motin, anti-disturbios, traum\u00e1tico (NO LETAL). Accionado mediante c\u00e1psulas de CO2, este rev\u00f3lver tiene la capacidad de realizar hasta 6 disparos. El T4E HDR 50 mantiene un dise\u00f1o completamente realista ideal para entrenamiento de miembros de seguridad. Adem\u00e1s, su tama\u00f1o [&hellip;]<\/p>\n","protected":false},"featured_media":942,"comment_status":"open","ping_status":"closed","template":"","meta":[],"product_brand":[79],"product_cat":[78],"product_tag":[81,80],"class_list":{"0":"post-941","1":"product","2":"type-product","3":"status-publish","4":"has-post-thumbnail","6":"product_brand-umarex","7":"product_cat-traumaticas","8":"product_tag-traumaticas","9":"product_tag-umarex","11":"first","12":"instock","13":"sale","14":"shipping-taxable","15":"purchasable","16":"product-type-simple"},"_links":{"self":[{"href":"https:\/\/lobos.uno\/index.php?rest_route=\/wp\/v2\/product\/941","targetHints":{"allow":["GET"]}}],"collection":[{"href":"https:\/\/lobos.uno\/index.php?rest_route=\/wp\/v2\/product"}],"about":[{"href":"https:\/\/lobos.uno\/index.php?rest_route=\/wp\/v2\/types\/product"}],"replies":[{"embeddable":true,"href":"https:\/\/lobos.uno\/index.php?rest_route=%2Fwp%2Fv2%2Fcomments&post=941"}],"wp:featuredmedia":[{"embeddable":true,"href":"https:\/\/lobos.uno\/index.php?rest_route=\/wp\/v2\/media\/942"}],"wp:attachment":[{"href":"https:\/\/lobos.uno\/index.php?rest_route=%2Fwp%2Fv2%2Fmedia&parent=941"}],"wp:term":[{"taxonomy":"product_brand","embeddable":true,"href":"https:\/\/lobos.uno\/index.php?rest_route=%2Fwp%2Fv2%2Fproduct_brand&post=941"},{"taxonomy":"product_cat","embeddable":true,"href":"https:\/\/lobos.uno\/index.php?rest_route=%2Fwp%2Fv2%2Fproduct_cat&post=941"},{"taxonomy":"product_tag","embeddable":true,"href":"https:\/\/lobos.uno\/index.php?rest_route=%2Fwp%2Fv2%2Fproduct_tag&post=941"}],"curies":[{"name":"wp","href":"https:\/\/api.w.org\/{rel}","templated":true}]}}