{"id":948,"date":"2025-06-02T15:54:48","date_gmt":"2025-06-02T13:54:48","guid":{"rendered":"https:\/\/www.lobos.uno\/?post_type=product&#038;p=948"},"modified":"2025-11-09T22:41:50","modified_gmt":"2025-11-09T21:41:50","slug":"lampara-magnetica-de-dragon-ball-z","status":"publish","type":"product","link":"https:\/\/lobos.uno\/?product=lampara-magnetica-de-dragon-ball-z","title":{"rendered":"L\u00c1MPARA MAGN\u00c9TICA DE DRAG\u00d3N BALL Z"},"content":{"rendered":"<div><span class=\"\">Los clientes que compren este producto antes\u00a0<\/span><strong><span class=\"\">del 15 de junio<\/span><\/strong><span class=\"\">\u00a0pueden recibir\u00e1n un paquete de accesorios adicional\u00a0<\/span><strong><span class=\"\">(algod\u00f3n especial y pegamento)<\/span><\/strong><span class=\"\">\u00a0que puede hacer que sus luces sean m\u00e1s geniales.<\/span><\/div>\n<div>Marca: NIKOLATOY<\/div>\n<div>Material: ABS + metal<\/div>\n<div>Tama\u00f1o: 210 * 95 * 165 mm<\/div>\n<div>Peso: 280g<\/div>\n<div>Funci\u00f3n: Luz nocturna magn\u00e9tica creativa.<\/div>\n<div>Fuente de inspiraci\u00f3n: Kamehameha, el famoso movimiento del protagonista de Dragon Ball<\/div>\n","protected":false},"excerpt":{"rendered":"<p>Los clientes que compren este producto antes\u00a0del 15 de junio\u00a0pueden recibir\u00e1n un paquete de accesorios adicional\u00a0(algod\u00f3n especial y pegamento)\u00a0que puede hacer que sus luces sean m\u00e1s geniales. Marca: NIKOLATOY Material: ABS + metal Tama\u00f1o: 210 * 95 * 165 mm Peso: 280g Funci\u00f3n: Luz nocturna magn\u00e9tica creativa. Fuente de inspiraci\u00f3n: Kamehameha, el famoso movimiento del [&hellip;]<\/p>\n","protected":false},"featured_media":950,"comment_status":"open","ping_status":"closed","template":"","meta":[],"product_brand":[],"product_cat":[86],"product_tag":[],"class_list":{"0":"post-948","1":"product","2":"type-product","3":"status-publish","4":"has-post-thumbnail","6":"product_cat-dbz","8":"first","9":"instock","10":"sale","11":"shipping-taxable","12":"purchasable","13":"product-type-simple"},"_links":{"self":[{"href":"https:\/\/lobos.uno\/index.php?rest_route=\/wp\/v2\/product\/948","targetHints":{"allow":["GET"]}}],"collection":[{"href":"https:\/\/lobos.uno\/index.php?rest_route=\/wp\/v2\/product"}],"about":[{"href":"https:\/\/lobos.uno\/index.php?rest_route=\/wp\/v2\/types\/product"}],"replies":[{"embeddable":true,"href":"https:\/\/lobos.uno\/index.php?rest_route=%2Fwp%2Fv2%2Fcomments&post=948"}],"wp:featuredmedia":[{"embeddable":true,"href":"https:\/\/lobos.uno\/index.php?rest_route=\/wp\/v2\/media\/950"}],"wp:attachment":[{"href":"https:\/\/lobos.uno\/index.php?rest_route=%2Fwp%2Fv2%2Fmedia&parent=948"}],"wp:term":[{"taxonomy":"product_brand","embeddable":true,"href":"https:\/\/lobos.uno\/index.php?rest_route=%2Fwp%2Fv2%2Fproduct_brand&post=948"},{"taxonomy":"product_cat","embeddable":true,"href":"https:\/\/lobos.uno\/index.php?rest_route=%2Fwp%2Fv2%2Fproduct_cat&post=948"},{"taxonomy":"product_tag","embeddable":true,"href":"https:\/\/lobos.uno\/index.php?rest_route=%2Fwp%2Fv2%2Fproduct_tag&post=948"}],"curies":[{"name":"wp","href":"https:\/\/api.w.org\/{rel}","templated":true}]}}