{"id":967,"date":"2025-07-19T13:43:49","date_gmt":"2025-07-19T11:43:49","guid":{"rendered":"https:\/\/lobos.uno\/?post_type=product&#038;p=967"},"modified":"2026-03-04T18:31:55","modified_gmt":"2026-03-04T17:31:55","slug":"ak-74mn-sa-j74-core","status":"publish","type":"product","link":"https:\/\/lobos.uno\/?product=ak-74mn-sa-j74-core","title":{"rendered":"AK 74MN- SA-J74 CORE"},"content":{"rendered":"<p>R\u00e9plica de carabina <strong>SA-J11 EDGE 2.0\u2122<\/strong><\/p>\n<p>La serie <strong>EDGE 2.0\u2122<\/strong> introduce una calidad completamente nueva a la familia de r\u00e9plicas de <strong>Specna Arms<\/strong>, a\u00f1adiendo nuevas funcionalidades e innovaciones a la construcci\u00f3n ya probada por los jugadores. Gracias a esto, las carabinas Specna<strong> Arms EDGE 2.0\u2122<\/strong> ofrecen un nivel excepcionalmente alto de mano de obra y avances t\u00e9cnicos desde el primer momento.<\/p>\n<p>Caracter\u00edsticas de la r\u00e9plica:<\/p>\n<p>Cuerpo fabricado en <strong>chapa de acero<\/strong><\/p>\n<p>Ca\u00f1\u00f3n exterior de acero de una sola pieza<\/p>\n<p>C\u00e1mara de salto de <strong>metal &#8211; Helio\u2122<\/strong> Flat Hop bucking<\/p>\n<p>Ca\u00f1\u00f3n interior de aluminio preciso con un di\u00e1metro de 6,03 mm<\/p>\n<p>Sistema de cambio r\u00e1pido de resorte <strong>ESA2\u2122:<\/strong> acceso a la gu\u00eda de resorte sin desmontar el bastidor de la caja de cambios<\/p>\n<p>Se incluye resorte principal <strong>M90<\/strong> adicional<\/p>\n<p>Sistema <strong>GATE ASTER\u2122 V3<\/strong> instalado de f\u00e1brica<\/p>\n<p>Caja de cambios <strong>ORION\u2122 V3<\/strong> reforzada con alta cultura de trabajo.<\/p>\n<p>En stock. El mecanismo est\u00e1 preparado para un mayor ajuste y listo para funcionar con resortes M140. En su interior se encuentran elementos como:<\/p>\n<ul>\n<li>Pist\u00f3n de pol\u00edmero reforzado con mordaza de acero completa<\/li>\n<li>Culata de aluminio con doble sellado<\/li>\n<li>Cabezal de pist\u00f3n de aluminio doblemente sellado con cojinetes<\/li>\n<li>Gu\u00eda de resorte de cojinete<\/li>\n<li>Juego de engranajes de acero<\/li>\n<li>Dispositivo de boca en rosca CW de 24 mm \/ CCW de 14 mm<\/li>\n<li>Riel de montaje lateral en \u00abcola de milano\u00bb<\/li>\n<li>Construcci\u00f3n realista en el sistema VFC, basada en pasadores, palancas y pasadores<\/li>\n<li>Mucho espacio para una bater\u00eda fija debajo de la cubierta del receptor (lista para LiPo)<\/li>\n<li>Culata esquel\u00e9tica plegable hacia un lado Inserto espaciador Magwell para un f\u00e1cil reemplazo del cargador<\/li>\n<li>Cargadores S-MAG de tapa media dise\u00f1ados originalmente con una capacidad de 130 BB.<\/li>\n<\/ul>\n<p><strong>El conjunto incluye:<\/strong><\/p>\n<ul>\n<li>R\u00e9plica<\/li>\n<li>2 cargadores de tapa media S-MAG<\/li>\n<li>Muelle principal adicional M90<\/li>\n<li>Manual de usuario<\/li>\n<li>Adaptador Deans-Tamiya<\/li>\n<\/ul>\n","protected":false},"excerpt":{"rendered":"<p>R\u00e9plica de carabina SA-J11 EDGE 2.0\u2122 La serie EDGE 2.0\u2122 introduce una calidad completamente nueva a la familia de r\u00e9plicas de Specna Arms, a\u00f1adiendo nuevas funcionalidades e innovaciones a la construcci\u00f3n ya probada por los jugadores. Gracias a esto, las carabinas Specna Arms EDGE 2.0\u2122 ofrecen un nivel excepcionalmente alto de mano de obra y [&hellip;]<\/p>\n","protected":false},"featured_media":968,"comment_status":"open","ping_status":"closed","template":"","meta":[],"product_brand":[87],"product_cat":[52],"product_tag":[43],"class_list":{"0":"post-967","1":"product","2":"type-product","3":"status-publish","4":"has-post-thumbnail","6":"product_brand-specna-arms","7":"product_cat-fusil-airsoft","8":"product_tag-airsoft","10":"first","11":"instock","12":"sale","13":"shipping-taxable","14":"purchasable","15":"product-type-simple"},"_links":{"self":[{"href":"https:\/\/lobos.uno\/index.php?rest_route=\/wp\/v2\/product\/967","targetHints":{"allow":["GET"]}}],"collection":[{"href":"https:\/\/lobos.uno\/index.php?rest_route=\/wp\/v2\/product"}],"about":[{"href":"https:\/\/lobos.uno\/index.php?rest_route=\/wp\/v2\/types\/product"}],"replies":[{"embeddable":true,"href":"https:\/\/lobos.uno\/index.php?rest_route=%2Fwp%2Fv2%2Fcomments&post=967"}],"wp:featuredmedia":[{"embeddable":true,"href":"https:\/\/lobos.uno\/index.php?rest_route=\/wp\/v2\/media\/968"}],"wp:attachment":[{"href":"https:\/\/lobos.uno\/index.php?rest_route=%2Fwp%2Fv2%2Fmedia&parent=967"}],"wp:term":[{"taxonomy":"product_brand","embeddable":true,"href":"https:\/\/lobos.uno\/index.php?rest_route=%2Fwp%2Fv2%2Fproduct_brand&post=967"},{"taxonomy":"product_cat","embeddable":true,"href":"https:\/\/lobos.uno\/index.php?rest_route=%2Fwp%2Fv2%2Fproduct_cat&post=967"},{"taxonomy":"product_tag","embeddable":true,"href":"https:\/\/lobos.uno\/index.php?rest_route=%2Fwp%2Fv2%2Fproduct_tag&post=967"}],"curies":[{"name":"wp","href":"https:\/\/api.w.org\/{rel}","templated":true}]}}