{"id":987,"date":"2025-07-19T14:44:17","date_gmt":"2025-07-19T12:44:17","guid":{"rendered":"https:\/\/lobos.uno\/?post_type=product&#038;p=987"},"modified":"2025-11-09T22:41:17","modified_gmt":"2025-11-09T21:41:17","slug":"replica-de-pistola-hk-usp","status":"publish","type":"product","link":"https:\/\/lobos.uno\/?product=replica-de-pistola-hk-usp","title":{"rendered":"R\u00e9plica de pistola H&#038;K USP"},"content":{"rendered":"<p><strong>UMAREX H&amp;K USP<\/strong>: una potente y realista pistola de airsoft alimentada por <strong>CO2<\/strong><\/p>\n<p>Esta r\u00e9plica de pistola <strong>USP<\/strong> es una excelente opci\u00f3n para los entusiastas del <strong>Airsoft<\/strong> que buscan un arma potente y realista alimentada por <strong>CO2<\/strong>.<\/p>\n<p>Fabricada en polimero y metal de alta calidad, la r\u00e9plica cuenta con una corredera de metal con marcas del arma de fuego original, un marco de pol\u00edmero y un cargador de metal que contiene <strong>16 perdigones BB.<\/strong><\/p>\n<p><strong>Caracter\u00edsticas principales:<\/strong><\/p>\n<ul>\n<li>Alimentado por CO2: Utiliza gas CO2 para generar energ\u00eda, lo que permite velocidades iniciales m\u00e1s altas que las r\u00e9plicas alimentadas con gas verde y un mejor rendimiento a bajas temperaturas.<\/li>\n<li>Diapositiva de metal: A\u00f1ade peso y realismo a la r\u00e9plica.<\/li>\n<li>Marco de pol\u00edmero: Mantiene la r\u00e9plica liviana y maniobrable.<\/li>\n<li>Revista de 16 rondas: Proporciona munici\u00f3n suficiente para un juego prolongado.<\/li>\n<li>Ferrocarril debajo del ca\u00f1\u00f3n: Permite la fijaci\u00f3n de accesorios t\u00e1cticos como linternas o miras l\u00e1ser.<\/li>\n<li>Modo de disparo semi y totalmente autom\u00e1tico<\/li>\n<li>Sistema Hop-Up: El salto ajustable le permite ajustar la trayectoria de sus BB para una mayor precisi\u00f3n.<\/li>\n<\/ul>\n<p><strong>Especificaciones t\u00e9cnicas:<\/strong><\/p>\n<ul>\n<li>Longitud del producto: 19,5 cm<\/li>\n<li>Peso del producto: 1200 g<\/li>\n<li>Fuente de alimentaci\u00f3n: Gas CO2<\/li>\n<li>Material: Metal y pol\u00edmero<\/li>\n<li>Velocidad inicial: 320 FPS<\/li>\n<li>Modo fuego: Semi\/autom\u00e1tico<\/li>\n<li>Blowback: S\u00ed<\/li>\n<li>Capacidad de la revista: 16 rondas<\/li>\n<li>Tipo de revista: Low-cap<\/li>\n<\/ul>\n<p>En general, la r\u00e9plica de pistola <strong>USP<\/strong> es una excelente opci\u00f3n para los jugadores de Airsoft que buscan un arma potente, realista y alimentada por <strong>CO2<\/strong>. Su construcci\u00f3n duradera, rendimiento preciso y amplia gama de caracter\u00edsticas lo convierten en una excelente opci\u00f3n por el precio.<\/p>\n","protected":false},"excerpt":{"rendered":"<p>UMAREX H&amp;K USP: una potente y realista pistola de airsoft alimentada por CO2 Esta r\u00e9plica de pistola USP es una excelente opci\u00f3n para los entusiastas del Airsoft que buscan un arma potente y realista alimentada por CO2. Fabricada en polimero y metal de alta calidad, la r\u00e9plica cuenta con una corredera de metal con marcas [&hellip;]<\/p>\n","protected":false},"featured_media":988,"comment_status":"open","ping_status":"closed","template":"","meta":[],"product_brand":[79],"product_cat":[42],"product_tag":[43,80],"class_list":{"0":"post-987","1":"product","2":"type-product","3":"status-publish","4":"has-post-thumbnail","6":"product_brand-umarex","7":"product_cat-pistolas-airsoft","8":"product_tag-airsoft","9":"product_tag-umarex","11":"first","12":"instock","13":"sale","14":"shipping-taxable","15":"purchasable","16":"product-type-simple"},"_links":{"self":[{"href":"https:\/\/lobos.uno\/index.php?rest_route=\/wp\/v2\/product\/987","targetHints":{"allow":["GET"]}}],"collection":[{"href":"https:\/\/lobos.uno\/index.php?rest_route=\/wp\/v2\/product"}],"about":[{"href":"https:\/\/lobos.uno\/index.php?rest_route=\/wp\/v2\/types\/product"}],"replies":[{"embeddable":true,"href":"https:\/\/lobos.uno\/index.php?rest_route=%2Fwp%2Fv2%2Fcomments&post=987"}],"wp:featuredmedia":[{"embeddable":true,"href":"https:\/\/lobos.uno\/index.php?rest_route=\/wp\/v2\/media\/988"}],"wp:attachment":[{"href":"https:\/\/lobos.uno\/index.php?rest_route=%2Fwp%2Fv2%2Fmedia&parent=987"}],"wp:term":[{"taxonomy":"product_brand","embeddable":true,"href":"https:\/\/lobos.uno\/index.php?rest_route=%2Fwp%2Fv2%2Fproduct_brand&post=987"},{"taxonomy":"product_cat","embeddable":true,"href":"https:\/\/lobos.uno\/index.php?rest_route=%2Fwp%2Fv2%2Fproduct_cat&post=987"},{"taxonomy":"product_tag","embeddable":true,"href":"https:\/\/lobos.uno\/index.php?rest_route=%2Fwp%2Fv2%2Fproduct_tag&post=987"}],"curies":[{"name":"wp","href":"https:\/\/api.w.org\/{rel}","templated":true}]}}