{"id":997,"date":"2025-09-30T03:29:06","date_gmt":"2025-09-30T01:29:06","guid":{"rendered":"https:\/\/lobos.uno\/?post_type=product&#038;p=997"},"modified":"2025-11-09T22:41:35","modified_gmt":"2025-11-09T21:41:35","slug":"mascara-de-spiderman-homecoming","status":"publish","type":"product","link":"https:\/\/lobos.uno\/?product=mascara-de-spiderman-homecoming","title":{"rendered":"M\u00e1scara de Spiderman Homecoming"},"content":{"rendered":"<p><strong>Caracter\u00edsticas<\/strong><\/p>\n<p><strong>Spider-Man con licencia oficial:<\/strong> M\u00e1scara de regreso a casa: La m\u00e1scara electr\u00f3nica premium de Spider-Man est\u00e1 inspirada en el traje Iron Spider del personaje en la pel\u00edcula Spider-Man: Homecoming de Marvel Studios<\/p>\n<p><strong>Ojos con control remoto:<\/strong> Por primera vez en el juego de rol Marvel Legends, esta m\u00e1scara presenta ojos expresivos con movimiento ocular electr\u00f3nico mediante un control remoto (la m\u00e1scara requiere 4 pilas AA, no incluidas)<\/p>\n<p><strong>Seleccione entre 8 movimientos:<\/strong> Puede usar el control remoto para cambiar entre 8 movimientos oculares diferentes en el modo manual, con los ojos movi\u00e9ndose de forma independiente o juntos desde completamente abiertos hasta entrecerrar los ojos<\/p>\n<p><strong>Secuencias at\u00f3micas de ojos:<\/strong> Cambie el control remoto al modo autom\u00e1tico para activar 5 series diferentes preprogramadas de movimientos oculares, incluida una reacci\u00f3n de sorpresa, sospecha o \u00absentido ar\u00e1cnido\u00bb y una secuencia de gui\u00f1o o parpadeo<\/p>\n<p><strong>Textura de la m\u00e1scara de silicona:<\/strong> Como la primera m\u00e1scara de Spider-Man de la l\u00ednea Marvel Legends con una capa exterior suave, esta m\u00e1scara presenta una textura de silicona de primera calidad para una apariencia y sensaci\u00f3n de pel\u00edcula precisa (la correa para la cabeza contiene l\u00e1tex natural)<\/p>\n<p><strong>M\u00e1scara port\u00e1til:<\/strong> La m\u00e1scara a escala 1:1 es de talla \u00fanica y se adapta a la mayor\u00eda con una cubierta para cubrir el cuello. La m\u00e1scara mide 10,25 pulgadas de alto y 7,25 pulgadas de ancho (26 cm x 18 cm) y 12,8 pulgadas de alto cuando est\u00e1 en exhibici\u00f3n (32,5 cm)<\/p>\n<p><strong>Soporte incluido para exhibici\u00f3n:<\/strong> Muestra tu orgullo Spidey en tu estante con el expositor incluido. Las funciones electr\u00f3nicas para los ojos se pueden activar mientras se usa o se muestra la m\u00e1scara. \u00a1Es una gran adici\u00f3n a los disfraces de Spider-Man para Halloween o cosplay!<\/p>\n","protected":false},"excerpt":{"rendered":"<p>Caracter\u00edsticas Spider-Man con licencia oficial: M\u00e1scara de regreso a casa: La m\u00e1scara electr\u00f3nica premium de Spider-Man est\u00e1 inspirada en el traje Iron Spider del personaje en la pel\u00edcula Spider-Man: Homecoming de Marvel Studios Ojos con control remoto: Por primera vez en el juego de rol Marvel Legends, esta m\u00e1scara presenta ojos expresivos con movimiento ocular [&hellip;]<\/p>\n","protected":false},"featured_media":998,"comment_status":"open","ping_status":"closed","template":"","meta":[],"product_brand":[89],"product_cat":[88],"product_tag":[],"class_list":{"0":"post-997","1":"product","2":"type-product","3":"status-publish","4":"has-post-thumbnail","6":"product_brand-hasbro","7":"product_cat-mascaras","9":"first","10":"instock","11":"sale","12":"shipping-taxable","13":"purchasable","14":"product-type-simple"},"_links":{"self":[{"href":"https:\/\/lobos.uno\/index.php?rest_route=\/wp\/v2\/product\/997","targetHints":{"allow":["GET"]}}],"collection":[{"href":"https:\/\/lobos.uno\/index.php?rest_route=\/wp\/v2\/product"}],"about":[{"href":"https:\/\/lobos.uno\/index.php?rest_route=\/wp\/v2\/types\/product"}],"replies":[{"embeddable":true,"href":"https:\/\/lobos.uno\/index.php?rest_route=%2Fwp%2Fv2%2Fcomments&post=997"}],"wp:featuredmedia":[{"embeddable":true,"href":"https:\/\/lobos.uno\/index.php?rest_route=\/wp\/v2\/media\/998"}],"wp:attachment":[{"href":"https:\/\/lobos.uno\/index.php?rest_route=%2Fwp%2Fv2%2Fmedia&parent=997"}],"wp:term":[{"taxonomy":"product_brand","embeddable":true,"href":"https:\/\/lobos.uno\/index.php?rest_route=%2Fwp%2Fv2%2Fproduct_brand&post=997"},{"taxonomy":"product_cat","embeddable":true,"href":"https:\/\/lobos.uno\/index.php?rest_route=%2Fwp%2Fv2%2Fproduct_cat&post=997"},{"taxonomy":"product_tag","embeddable":true,"href":"https:\/\/lobos.uno\/index.php?rest_route=%2Fwp%2Fv2%2Fproduct_tag&post=997"}],"curies":[{"name":"wp","href":"https:\/\/api.w.org\/{rel}","templated":true}]}}